{"id":2204,"date":"2020-09-13T15:29:02","date_gmt":"2020-09-13T15:29:02","guid":{"rendered":"https:\/\/mc-energy.nl\/?page_id=2204"},"modified":"2021-07-19T09:44:46","modified_gmt":"2021-07-19T09:44:46","slug":"storagebelow","status":"publish","type":"page","link":"https:\/\/mc-energy.nl\/nl\/storagebelow\/","title":{"rendered":"Batterij opslag < 500kWh"},"content":{"rendered":"<div data-colibri-id=\"2204-c1\" class=\"style-1535 style-local-2204-c1 position-relative\">\n  <!---->\n  <div data-colibri-component=\"section\" data-colibri-id=\"2204-c2\" id=\"custom\" class=\"h-section h-section-global-spacing d-flex align-items-lg-center align-items-md-center align-items-center style-1536 style-local-2204-c2 position-relative\">\n    <!---->\n    <!---->\n    <div class=\"h-section-grid-container h-section-boxed-container\">\n      <!---->\n      <div data-colibri-id=\"2204-c3\" class=\"h-row-container gutters-row-lg-2 gutters-row-md-2 gutters-row-0 gutters-row-v-lg-2 gutters-row-v-md-2 gutters-row-v-2 style-1537 style-local-2204-c3 position-relative\">\n        <!---->\n        <div class=\"h-row justify-content-lg-center justify-content-md-center justify-content-center align-items-lg-stretch align-items-md-stretch align-items-stretch gutters-col-lg-2 gutters-col-md-2 gutters-col-0 gutters-col-v-lg-2 gutters-col-v-md-2 gutters-col-v-2\">\n          <!---->\n          <div class=\"h-column h-column-container d-flex h-col-lg-auto h-col-md-auto h-col-auto style-1538-outer style-local-2204-c4-outer\">\n            <div data-colibri-id=\"2204-c4\" class=\"d-flex h-flex-basis h-column__inner h-px-lg-2 h-px-md-2 h-px-2 v-inner-lg-2 v-inner-md-2 v-inner-2 style-1538 style-local-2204-c4 position-relative\">\n              <!---->\n              <!---->\n              <div class=\"w-100 h-y-container h-column__content h-column__v-align flex-basis-100 align-self-lg-start align-self-md-start align-self-start\">\n                <!---->\n                <div data-colibri-id=\"2204-c5\" class=\"h-global-transition-all h-heading style-1539 style-local-2204-c5 position-relative h-element\">\n                  <!---->\n                  <div class=\"h-heading__outer style-1539 style-local-2204-c5\">\n                    <!---->\n                    <!---->\n                    <h1 class=\"\">Batterij energieopslag <500kWh<\/h1>\n                  <\/div>\n                <\/div>\n                <div data-colibri-id=\"2204-c6\" class=\"h-text h-text-component style-1540 style-local-2204-c6 position-relative h-element\">\n                  <!---->\n                  <!---->\n                  <div class=\"\">\n                    <p>Mc Energy\u00ae biedt een breed pakket aan oplossingen voor batterij energie opslagsystemen. Dit zijn tevens systemen met een meer beperkte hoeveelheid opslagcapaciteit tot 500kWh.<\/p>\n                    <p>Maar... bent u op zoek naar een <strong><em><u>op maat gemaakte<\/u><\/em><\/strong> oplossing die een opslagcapaciteit biedt tussen de 200kWh en 500kWh?&nbsp;<span style=\"font-weight: 400; font-size: 16px; font-family: &quot;Maven Pro&quot;; color: rgb(153, 153, 153);\">Zoek in dat geval niet verder en laat Mc Energy\u00ae uw project ondersteunen met een klantspecifieke oplossing, zoals bijvoorbeeld een energie opslagsysteem op een aanhanger, mobiele oplossing of bijvoorbeeld voor scheepstoepassing.<\/span><\/p>\n                    <h4><strong>Industrieel gebruik<\/strong><\/h4>\n                    <p>De industri\u00eble oplossingen vari\u00ebren van een klein energie opslagsysteem in rackuitvoering (voor zowel binnen- als buitengebruik) met een ge\u00efntegreerde brandmelder, heftruckpockets, droge blusleiding tot geheel plug-and-play energie opslagsystemen inclusief de integratie in het asset management systeem of beheer op afstand over 4G\/5G\/ModBus. Zie de afbeelding onderaan de pagina voor een mooi voorbeeld van de toepassing van een Mc Energy\u00ae energie opslagsysteem op de bouwplaats.<\/p>\n                    <h4><strong>Gebruik in bebouwde omgevingen<\/strong><\/h4>\n                    <p>Op zoek naar een batterij opslagsysteem dat stil, veilig en eenvoudig te gebruiken is in combinatie met een aanwezig zonnepark om ook de netaansluiting beperkt te houden? Neem contact op en we kunnen u van dienst zijn.<\/p>\n                    <h4><strong>Wat is uw perfecte energie opslagsysteem? Wij weten het...&nbsp;<\/strong><\/h4>\n                    <p>\n                      <br>\n                    <\/p>\n                  <\/div>\n                <\/div>\n              <\/div>\n            <\/div>\n          <\/div>\n          <div class=\"h-column h-column-container d-flex h-col-lg-auto h-col-md-auto h-col-auto style-1767-outer style-local-2204-c17-outer\">\n            <div data-colibri-id=\"2204-c17\" class=\"d-flex h-flex-basis h-column__inner h-px-lg-2 h-px-md-2 h-px-2 v-inner-lg-2 v-inner-md-2 v-inner-2 style-1767 style-local-2204-c17 position-relative\">\n              <!---->\n              <!---->\n              <div class=\"w-100 h-y-container h-column__content h-column__v-align flex-basis-100 align-self-lg-start align-self-md-start align-self-start\">\n                <!---->\n                <div data-colibri-id=\"2204-c18\" class=\"d-block style-1768 style-local-2204-c18 position-relative h-element\">\n                  <!---->\n                  <div class=\"h-image__frame-container-outer\">\n                    <div class=\"h-image__frame-container\">\n                      <!---->\n                      <!---->\n                      <img loading=\"lazy\" width=\"820\" height=\"820\" src=\"https:\/\/mc-energy.nl\/wp-content\/uploads\/2021\/07\/cropped-rack1.png\" class=\"wp-image-4154 style-1768-image style-local-2204-c18-image\" srcset=\"https:\/\/mc-energy.nl\/wp-content\/uploads\/2021\/07\/cropped-rack1.png 820w, https:\/\/mc-energy.nl\/wp-content\/uploads\/2021\/07\/cropped-rack1-300x300.png 300w, https:\/\/mc-energy.nl\/wp-content\/uploads\/2021\/07\/cropped-rack1-150x150.png 150w, https:\/\/mc-energy.nl\/wp-content\/uploads\/2021\/07\/cropped-rack1-768x768.png 768w\" sizes=\"(max-width: 820px) 100vw, 820px\" alt=\"\" \/>\n                      <div class=\"h-image__frame h-hide-lg h-hide-md h-hide-sm style-1768-frameImage style-local-2204-c18-frameImage\"><\/div>\n                    <\/div>\n                  <\/div>\n                <\/div>\n              <\/div>\n            <\/div>\n          <\/div>\n        <\/div>\n      <\/div>\n      <div data-colibri-id=\"2204-c7\" class=\"h-row-container gutters-row-lg-2 gutters-row-md-2 gutters-row-0 gutters-row-v-lg-2 gutters-row-v-md-2 gutters-row-v-2 style-1666 style-local-2204-c7 position-relative\">\n        <!---->\n        <div class=\"h-row justify-content-lg-center justify-content-md-center justify-content-center align-items-lg-stretch align-items-md-stretch align-items-stretch gutters-col-lg-2 gutters-col-md-2 gutters-col-0 gutters-col-v-lg-2 gutters-col-v-md-2 gutters-col-v-2\">\n          <!---->\n          <div class=\"h-column h-column-container d-flex h-col-lg-auto h-col-md-auto h-col-auto style-1667-outer style-local-2204-c8-outer\">\n            <div data-colibri-id=\"2204-c8\" class=\"d-flex h-flex-basis h-column__inner h-px-lg-2 h-px-md-2 h-px-2 v-inner-lg-2 v-inner-md-2 v-inner-2 style-1667 style-local-2204-c8 position-relative\">\n              <!---->\n              <!---->\n              <div class=\"w-100 h-y-container h-column__content h-column__v-align flex-basis-100 align-self-lg-start align-self-md-start align-self-start\">\n                <!---->\n                <div data-colibri-id=\"2204-c9\" class=\"d-block style-1725 style-local-2204-c9 position-relative h-element\">\n                  <!---->\n                  <div class=\"h-image__frame-container-outer\">\n                    <div class=\"h-image__frame-container\">\n                      <!---->\n                      <!---->\n                      <img loading=\"lazy\" width=\"2294\" height=\"1259\" src=\"https:\/\/mc-energy.nl\/wp-content\/uploads\/2021\/07\/cropped-Universal-energy-storage-solutions.jpg\" class=\"wp-image-4082 style-1725-image style-local-2204-c9-image\" srcset=\"https:\/\/mc-energy.nl\/wp-content\/uploads\/2021\/07\/cropped-Universal-energy-storage-solutions.jpg 2294w, https:\/\/mc-energy.nl\/wp-content\/uploads\/2021\/07\/cropped-Universal-energy-storage-solutions-300x165.jpg 300w, https:\/\/mc-energy.nl\/wp-content\/uploads\/2021\/07\/cropped-Universal-energy-storage-solutions-1024x562.jpg 1024w, https:\/\/mc-energy.nl\/wp-content\/uploads\/2021\/07\/cropped-Universal-energy-storage-solutions-768x421.jpg 768w, https:\/\/mc-energy.nl\/wp-content\/uploads\/2021\/07\/cropped-Universal-energy-storage-solutions-1536x843.jpg 1536w, https:\/\/mc-energy.nl\/wp-content\/uploads\/2021\/07\/cropped-Universal-energy-storage-solutions-2048x1124.jpg 2048w\" sizes=\"(max-width: 2294px) 100vw, 2294px\" alt=\"\" \/>\n                      <div class=\"h-image__frame h-hide-lg h-hide-md h-hide-sm style-1725-frameImage style-local-2204-c9-frameImage\"><\/div>\n                    <\/div>\n                  <\/div>\n                <\/div>\n              <\/div>\n            <\/div>\n          <\/div>\n        <\/div>\n      <\/div>\n      <div data-colibri-id=\"2204-c10\" class=\"h-row-container gutters-row-lg-2 gutters-row-md-2 gutters-row-0 gutters-row-v-lg-2 gutters-row-v-md-2 gutters-row-v-2 style-1712 style-local-2204-c10 position-relative\">\n        <!---->\n        <div class=\"h-row justify-content-lg-center justify-content-md-center justify-content-center align-items-lg-stretch align-items-md-stretch align-items-stretch gutters-col-lg-2 gutters-col-md-2 gutters-col-0 gutters-col-v-lg-2 gutters-col-v-md-2 gutters-col-v-2\">\n          <!---->\n          <div class=\"h-column h-column-container d-flex h-col-lg-auto h-col-md-auto h-col-auto style-1713-outer style-local-2204-c11-outer\">\n            <div data-colibri-id=\"2204-c11\" class=\"d-flex h-flex-basis h-column__inner h-px-lg-2 h-px-md-2 h-px-2 v-inner-lg-2 v-inner-md-2 v-inner-2 style-1713 style-local-2204-c11 position-relative\">\n              <!---->\n              <!---->\n              <div class=\"w-100 h-y-container h-column__content h-column__v-align flex-basis-100 align-self-lg-start align-self-md-start align-self-start\">\n                <!---->\n                <div data-colibri-id=\"2204-c12\" class=\"d-block style-1715 style-local-2204-c12 position-relative h-element\">\n                  <!---->\n                  <div class=\"h-image__frame-container-outer\">\n                    <div class=\"h-image__frame-container\">\n                      <!---->\n                      <!---->\n                      <img loading=\"lazy\" width=\"1671\" height=\"350\" src=\"https:\/\/mc-energy.nl\/wp-content\/uploads\/2021\/03\/cropped-NatronLogov2forwebsite-1.png\" class=\"wp-image-4001 style-1715-image style-local-2204-c12-image\" srcset=\"https:\/\/mc-energy.nl\/wp-content\/uploads\/2021\/03\/cropped-NatronLogov2forwebsite-1.png 1671w, https:\/\/mc-energy.nl\/wp-content\/uploads\/2021\/03\/cropped-NatronLogov2forwebsite-1-300x63.png 300w, https:\/\/mc-energy.nl\/wp-content\/uploads\/2021\/03\/cropped-NatronLogov2forwebsite-1-1024x214.png 1024w, https:\/\/mc-energy.nl\/wp-content\/uploads\/2021\/03\/cropped-NatronLogov2forwebsite-1-768x161.png 768w, https:\/\/mc-energy.nl\/wp-content\/uploads\/2021\/03\/cropped-NatronLogov2forwebsite-1-1536x322.png 1536w\" sizes=\"(max-width: 1671px) 100vw, 1671px\" alt=\"\" \/>\n                      <div class=\"h-image__frame h-hide-lg h-hide-md h-hide-sm style-1715-frameImage style-local-2204-c12-frameImage\"><\/div>\n                    <\/div>\n                  <\/div>\n                <\/div>\n              <\/div>\n            <\/div>\n          <\/div>\n          <div class=\"h-column h-column-container d-flex h-col-lg-auto h-col-md-auto h-col-auto style-1719-outer style-local-2204-c13-outer\">\n            <div data-colibri-id=\"2204-c13\" class=\"d-flex h-flex-basis h-column__inner h-px-lg-2 h-px-md-2 h-px-2 v-inner-lg-2 v-inner-md-2 v-inner-2 style-1719 style-local-2204-c13 position-relative\">\n              <!---->\n              <!---->\n              <div class=\"w-100 h-y-container h-column__content h-column__v-align flex-basis-100 align-self-lg-start align-self-md-start align-self-start\">\n                <!---->\n                <div data-colibri-id=\"2204-c14\" class=\"h-text h-text-component style-1720 style-local-2204-c14 position-relative h-element\">\n                  <!---->\n                  <!---->\n                  <div class=\"\">\n                    <p><span style=\"font-weight: 400; font-size: 14px; color: rgba(115, 113, 113, 0.9); font-family: &quot;Maven Pro&quot;;\">Natron Energie en <\/span>Mc Energy\u00ae<span style=\"font-weight: 400; font-size: 14px; color: rgba(115, 113, 113, 0.9); font-family: &quot;Maven Pro&quot;;\"> werken samen op de Europese markt voor veilige en betrouwbare hoog-vermogen batterij systemen. <\/span><\/p>\n                    <p><span style=\"font-weight: 400; font-size: 14px; color: rgba(115, 113, 113, 0.9); font-family: &quot;Maven Pro&quot;;\">De UL gecertificeerde zout-ionen BlueTray4000 accu beschikt over een aantal bijzondere eigenschappen:<\/span><\/p>\n                    <p><span style=\"font-weight: 400; font-size: 14px; color: rgba(115, 113, 113, 0.9); font-family: &quot;Maven Pro&quot;;\">- Lithium-vrije veiliger-dan-veilige zout-ionen chemie<\/span><\/p>\n                    <p><span style=\"font-weight: 400; font-size: 14px; color: rgba(115, 113, 113, 0.9); font-family: &quot;Maven Pro&quot;;\">- Gecertificeerd onder UL 9540 vuurbestendigheidstest<\/span><\/p>\n                    <p><span style=\"font-weight: 400; font-size: 14px; color: rgba(115, 113, 113, 0.9); font-family: &quot;Maven Pro&quot;;\">- Volledig opladen binnen 8 minuten (in 6 minuten tot 99%)<\/span><\/p>\n                    <p><span style=\"font-weight: 400; font-size: 14px; color: rgba(115, 113, 113, 0.9); font-family: &quot;Maven Pro&quot;;\">- Geen thermal runaway<\/span><\/p>\n                    <p><span style=\"font-weight: 400; font-size: 14px; color: rgba(115, 113, 113, 0.9); font-family: &quot;Maven Pro&quot;;\">- 19\" 1HE rack installatie<\/span><\/p>\n                    <p><span style=\"font-weight: 400; font-size: 14px; color: rgba(115, 113, 113, 0.9); font-family: &quot;Maven Pro&quot;;\">- Maximale ontlaadstroom van 142Amp<\/span><\/p>\n                    <p><span style=\"font-weight: 400; font-size: 14px; color: rgba(115, 113, 113, 0.9); font-family: &quot;Maven Pro&quot;;\">- Ge\u00efntegreerd batterij management systeem (BMS)<\/span><\/p>\n                    <p><span style=\"font-weight: 400; font-size: 14px; color: rgba(115, 113, 113, 0.9); font-family: &quot;Maven Pro&quot;;\">- Meer dan 10.000 keer 100%DoD cycli tijdens hoge laad- en ontlaadsessies<\/span><\/p>\n                    <p><span style=\"font-weight: 400; font-size: 14px; color: rgba(115, 113, 113, 0.9); font-family: &quot;Maven Pro&quot;;\">De BlueTray4000 is bij uitstek geschikt voor datacenter en telecom toepassingen, alsmede voor veeleisende toepassingen waar de beschikbaarheid een kritische factor is.\nBeide organisaties werken nauw samen in de ontwikkeling van veeleisende hoge stroom, lithium vrije batterij energie opslagsystemen.<\/span>\n                      <span\n                        style=\"font-weight: 400; font-size: 14px; color: rgba(0, 0, 0, 0.9); font-family: -apple-system, system-ui, BlinkMacSystemFont, &quot;Segoe UI&quot;, Roboto, &quot;Helvetica Neue&quot;, &quot;Fira Sans&quot;, Ubuntu, Oxygen, &quot;Oxygen Sans&quot;, Cantarell, &quot;Droid Sans&quot;, &quot;Apple Color Emoji&quot;, &quot;Segoe UI Emoji&quot;, &quot;Segoe UI Symbol&quot;, &quot;Lucida Grande&quot;, Helvetica, Arial, sans-serif;\">\n                      <\/span>\n                    <\/p>\n                  <\/div>\n                <\/div>\n              <\/div>\n            <\/div>\n          <\/div>\n        <\/div>\n      <\/div>\n      <div data-colibri-id=\"2204-c15\" class=\"h-row-container gutters-row-lg-2 gutters-row-md-2 gutters-row-0 gutters-row-v-lg-2 gutters-row-v-md-2 gutters-row-v-2 style-1721 style-local-2204-c15 position-relative\">\n        <!---->\n        <div class=\"h-row justify-content-lg-center justify-content-md-center justify-content-center align-items-lg-stretch align-items-md-stretch align-items-stretch gutters-col-lg-2 gutters-col-md-2 gutters-col-0 gutters-col-v-lg-2 gutters-col-v-md-2 gutters-col-v-2\">\n          <!---->\n          <div class=\"h-column h-column-container d-flex h-col-lg-auto h-col-md-auto h-col-auto style-1722-outer style-local-2204-c16-outer\">\n            <div data-colibri-id=\"2204-c16\" class=\"d-flex h-flex-basis h-column__inner h-ui-empty-state-container h-px-lg-2 h-px-md-2 h-px-2 v-inner-lg-2 v-inner-md-2 v-inner-2 style-1722 style-local-2204-c16 position-relative\">\n              <!---->\n              <!---->\n              <div class=\"w-100 h-y-container h-column__content h-column__v-align flex-basis-100\">\n                <!---->\n              <\/div>\n            <\/div>\n          <\/div>\n        <\/div>\n      <\/div>\n    <\/div>\n  <\/div>\n<\/div>","protected":false},"excerpt":{"rendered":"<p>Battery Storage &lt;500kWh Mc Energy\u00ae offers a wide standard product range for battery energy storage solutions. These solutions include medium sized storage systems with a capacity &lt;500kWh. But&#8230;are you looking for a customized solution? Look no further as for example&nbsp;Mc Energy\u00ae can support your project with a trailer mounted, mobile solution or a solution for [&hellip;]<\/p>","protected":false},"author":1,"featured_media":0,"parent":0,"menu_order":0,"comment_status":"closed","ping_status":"closed","template":"page-templates\/full-width-page.php","meta":[],"_links":{"self":[{"href":"https:\/\/mc-energy.nl\/nl\/wp-json\/wp\/v2\/pages\/2204"}],"collection":[{"href":"https:\/\/mc-energy.nl\/nl\/wp-json\/wp\/v2\/pages"}],"about":[{"href":"https:\/\/mc-energy.nl\/nl\/wp-json\/wp\/v2\/types\/page"}],"author":[{"embeddable":true,"href":"https:\/\/mc-energy.nl\/nl\/wp-json\/wp\/v2\/users\/1"}],"replies":[{"embeddable":true,"href":"https:\/\/mc-energy.nl\/nl\/wp-json\/wp\/v2\/comments?post=2204"}],"version-history":[{"count":20,"href":"https:\/\/mc-energy.nl\/nl\/wp-json\/wp\/v2\/pages\/2204\/revisions"}],"predecessor-version":[{"id":4156,"href":"https:\/\/mc-energy.nl\/nl\/wp-json\/wp\/v2\/pages\/2204\/revisions\/4156"}],"wp:attachment":[{"href":"https:\/\/mc-energy.nl\/nl\/wp-json\/wp\/v2\/media?parent=2204"}],"curies":[{"name":"wp","href":"https:\/\/api.w.org\/{rel}","templated":true}]}}